{"id":177,"date":"2024-11-30T14:43:07","date_gmt":"2024-11-30T14:43:07","guid":{"rendered":"https:\/\/balbinazakopane.pl\/?page_id=177"},"modified":"2025-04-29T13:03:29","modified_gmt":"2025-04-29T13:03:29","slug":"oferta","status":"publish","type":"page","link":"https:\/\/balbinazakopane.pl\/index.php\/oferta\/","title":{"rendered":"Oferta"},"content":{"rendered":"\n<div class=\"wp-block-columns alignwide is-layout-flex wp-container-core-columns-is-layout-0b577f17 wp-block-columns-is-layout-flex\" style=\"padding-top:0;padding-right:0;padding-bottom:0;padding-left:0\">\n<div class=\"wp-block-column is-vertically-aligned-center is-layout-flow wp-container-core-column-is-layout-5dafc681 wp-block-column-is-layout-flow\">\n<figure class=\"wp-block-image size-full has-custom-border is-style-default\"><img loading=\"lazy\" decoding=\"async\" width=\"1991\" height=\"2560\" src=\"https:\/\/balbinazakopane.pl\/wp-content\/uploads\/2024\/11\/20200923_101949-scaled.jpg\" alt=\"\" class=\"wp-image-144\" style=\"border-radius:8px;aspect-ratio:1;object-fit:cover\" srcset=\"https:\/\/balbinazakopane.pl\/wp-content\/uploads\/2024\/11\/20200923_101949-scaled.jpg 1991w, https:\/\/balbinazakopane.pl\/wp-content\/uploads\/2024\/11\/20200923_101949-233x300.jpg 233w, https:\/\/balbinazakopane.pl\/wp-content\/uploads\/2024\/11\/20200923_101949-796x1024.jpg 796w, https:\/\/balbinazakopane.pl\/wp-content\/uploads\/2024\/11\/20200923_101949-768x987.jpg 768w, https:\/\/balbinazakopane.pl\/wp-content\/uploads\/2024\/11\/20200923_101949-1195x1536.jpg 1195w, https:\/\/balbinazakopane.pl\/wp-content\/uploads\/2024\/11\/20200923_101949-1593x2048.jpg 1593w\" sizes=\"auto, (max-width: 1991px) 100vw, 1991px\" \/><\/figure>\n\n\n\n<p class=\"has-text-align-center has-accent-color has-text-color has-link-color has-small-font-size wp-elements-80161f72e68378ac9e62e2430fd4357a\" style=\"margin-top:var(--wp--preset--spacing--60);font-style:normal;font-weight:600;text-transform:uppercase\"><\/p>\n\n\n\n<h2 class=\"wp-block-heading has-text-align-center\">Pokoje dwuosobowe<\/h2>\n\n\n\n<p class=\"has-text-align-center\">W ofercie znajduj\u0105 si\u0119 trzy pokoje dwuosobowe, wyj\u0105tkowo przytulnie urz\u0105dzone w stylu rustykalnym. Wyposa\u017cone w osobne \u0142azienki zapewniaj\u0105ce im niezb\u0119dn\u0105 prywatno\u015b\u0107 oraz aneksy kuchenne pozwalaj\u0105ce na przygotowanie skromnego \u015bniadania czy kolacji.<\/p>\n\n\n\n<div class=\"wp-block-buttons is-content-justification-center is-layout-flex wp-container-core-buttons-is-layout-a89b3969 wp-block-buttons-is-layout-flex\">\n<div class=\"wp-block-button\"><a class=\"wp-block-button__link has-white-color has-accent-background-color has-text-color has-background has-link-color wp-element-button\" href=\"https:\/\/balbinazakopane.pl\/index.php\/pokoj-dwuosobowy\/\">Galeria<\/a><\/div>\n<\/div>\n<\/div>\n\n\n\n<div class=\"wp-block-column is-vertically-aligned-center is-layout-flow wp-container-core-column-is-layout-5dafc681 wp-block-column-is-layout-flow\">\n<figure class=\"wp-block-image size-full has-custom-border is-style-default\"><img loading=\"lazy\" decoding=\"async\" width=\"1920\" height=\"2560\" src=\"https:\/\/balbinazakopane.pl\/wp-content\/uploads\/2024\/11\/20200923_103010-scaled.jpg\" alt=\"\" class=\"wp-image-135\" style=\"border-radius:8px;aspect-ratio:1;object-fit:cover\" srcset=\"https:\/\/balbinazakopane.pl\/wp-content\/uploads\/2024\/11\/20200923_103010-scaled.jpg 1920w, https:\/\/balbinazakopane.pl\/wp-content\/uploads\/2024\/11\/20200923_103010-225x300.jpg 225w, https:\/\/balbinazakopane.pl\/wp-content\/uploads\/2024\/11\/20200923_103010-768x1024.jpg 768w, https:\/\/balbinazakopane.pl\/wp-content\/uploads\/2024\/11\/20200923_103010-1152x1536.jpg 1152w, https:\/\/balbinazakopane.pl\/wp-content\/uploads\/2024\/11\/20200923_103010-1536x2048.jpg 1536w\" sizes=\"auto, (max-width: 1920px) 100vw, 1920px\" \/><\/figure>\n\n\n\n<p class=\"has-text-align-center has-accent-color has-text-color has-link-color has-small-font-size wp-elements-80161f72e68378ac9e62e2430fd4357a\" style=\"margin-top:var(--wp--preset--spacing--60);font-style:normal;font-weight:600;text-transform:uppercase\"><\/p>\n\n\n\n<h2 class=\"wp-block-heading has-text-align-center\">Apartament<\/h2>\n\n\n\n<p class=\"has-text-align-center\">W naszej ofercie znajduje si\u0119 r\u00f3wnie\u017c przestronny apartament czteroosobowy. Wyposa\u017cony jest w \u0142azienk\u0119 oraz aneks kuchenny. To idealne rozwi\u0105zanie dla rodzin lub grup przyjaci\u00f3\u0142, kt\u00f3rzy szukaj\u0105 komfortowego miejsca na wypoczynek w sercu g\u00f3r.<\/p>\n\n\n\n<div class=\"wp-block-buttons is-content-justification-center is-layout-flex wp-container-core-buttons-is-layout-a89b3969 wp-block-buttons-is-layout-flex\">\n<div class=\"wp-block-button\"><a class=\"wp-block-button__link has-white-color has-accent-background-color has-text-color has-background has-link-color wp-element-button\" href=\"https:\/\/balbinazakopane.pl\/index.php\/apartament\/\">Galeria<\/a><\/div>\n<\/div>\n<\/div>\n<\/div>\n","protected":false},"excerpt":{"rendered":"<p>Pokoje dwuosobowe W ofercie znajduj\u0105 si\u0119 trzy pokoje dwuosobowe, wyj\u0105tkowo przytulnie urz\u0105dzone w stylu rustykalnym. Wyposa\u017cone w osobne \u0142azienki zapewniaj\u0105ce im niezb\u0119dn\u0105 prywatno\u015b\u0107 oraz aneksy kuchenne pozwalaj\u0105ce na przygotowanie skromnego \u015bniadania czy kolacji. Apartament W naszej ofercie znajduje si\u0119 r\u00f3wnie\u017c przestronny apartament czteroosobowy. Wyposa\u017cony jest w \u0142azienk\u0119 oraz aneks kuchenny. [&hellip;]<\/p>\n","protected":false},"author":1,"featured_media":0,"parent":0,"menu_order":0,"comment_status":"closed","ping_status":"closed","template":"","meta":{"footnotes":""},"class_list":["post-177","page","type-page","status-publish","hentry"],"_links":{"self":[{"href":"https:\/\/balbinazakopane.pl\/index.php\/wp-json\/wp\/v2\/pages\/177","targetHints":{"allow":["GET"]}}],"collection":[{"href":"https:\/\/balbinazakopane.pl\/index.php\/wp-json\/wp\/v2\/pages"}],"about":[{"href":"https:\/\/balbinazakopane.pl\/index.php\/wp-json\/wp\/v2\/types\/page"}],"author":[{"embeddable":true,"href":"https:\/\/balbinazakopane.pl\/index.php\/wp-json\/wp\/v2\/users\/1"}],"replies":[{"embeddable":true,"href":"https:\/\/balbinazakopane.pl\/index.php\/wp-json\/wp\/v2\/comments?post=177"}],"version-history":[{"count":9,"href":"https:\/\/balbinazakopane.pl\/index.php\/wp-json\/wp\/v2\/pages\/177\/revisions"}],"predecessor-version":[{"id":366,"href":"https:\/\/balbinazakopane.pl\/index.php\/wp-json\/wp\/v2\/pages\/177\/revisions\/366"}],"wp:attachment":[{"href":"https:\/\/balbinazakopane.pl\/index.php\/wp-json\/wp\/v2\/media?parent=177"}],"curies":[{"name":"wp","href":"https:\/\/api.w.org\/{rel}","templated":true}]}}